{"id":1571,"date":"2022-03-31T13:46:00","date_gmt":"2022-03-31T13:46:00","guid":{"rendered":"https:\/\/clouransom.com\/?page_id=1571"},"modified":"2022-03-31T14:00:00","modified_gmt":"2022-03-31T14:00:00","slug":"acces-de-membre","status":"publish","type":"page","link":"https:\/\/clouransom.com\/ca\/acces-de-membre\/","title":{"rendered":"Acc\u00e9s de membre"},"content":{"rendered":"\n<style type=\"text\/css\" data-created_by=\"avia_inline_auto\" id=\"style-css-av-1pra8k-b4b7bd0c93a7e52d3c951bd8ddbe584a\">\n.avia-section.av-1pra8k-b4b7bd0c93a7e52d3c951bd8ddbe584a .av-extra-border-element .av-extra-border-inner{\nbackground-color:#43805b;\n}\n<\/style>\n<div id='customers'  class='avia-section av-1pra8k-b4b7bd0c93a7e52d3c951bd8ddbe584a alternate_color avia-section-large avia-no-border-styling  avia-builder-el-0  el_before_av_section  avia-builder-el-first  avia-bg-style-scroll av-arrow-down-section container_wrap fullsize'  ><div class='container av-section-cont-open' ><main  role=\"main\" itemprop=\"mainContentOfPage\"  class='template-page content  av-content-full alpha units'><div class='post-entry post-entry-type-page post-entry-1571'><div class='entry-content-wrapper clearfix'>\n\n<style type=\"text\/css\" data-created_by=\"avia_inline_auto\" id=\"style-css-av-1ih370-1a7f73631fa88af4cb858834f91ecd37\">\n#top .av-special-heading.av-1ih370-1a7f73631fa88af4cb858834f91ecd37{\npadding-bottom:0;\nfont-size:35px;\n}\nbody .av-special-heading.av-1ih370-1a7f73631fa88af4cb858834f91ecd37 .av-special-heading-tag .heading-char{\nfont-size:25px;\n}\n#top #wrap_all .av-special-heading.av-1ih370-1a7f73631fa88af4cb858834f91ecd37 .av-special-heading-tag{\nfont-size:35px;\n}\n.av-special-heading.av-1ih370-1a7f73631fa88af4cb858834f91ecd37 .av-subheading{\nfont-size:15px;\n}\n\n@media only screen and (min-width: 480px) and (max-width: 767px){ \n#top #wrap_all .av-special-heading.av-1ih370-1a7f73631fa88af4cb858834f91ecd37 .av-special-heading-tag{\nfont-size:0.8em;\n}\n}\n\n@media only screen and (max-width: 479px){ \n#top #wrap_all .av-special-heading.av-1ih370-1a7f73631fa88af4cb858834f91ecd37 .av-special-heading-tag{\nfont-size:0.8em;\n}\n}\n<\/style>\n<div  class='av-special-heading av-1ih370-1a7f73631fa88af4cb858834f91ecd37 av-special-heading-h2 blockquote modern-quote modern-centered  avia-builder-el-1  avia-builder-el-no-sibling  av-inherit-size'><h2 class='av-special-heading-tag '  itemprop=\"headline\"  >\u00c0rea privada<\/h2><div class=\"special-heading-border\"><div class=\"special-heading-inner-border\"><\/div><\/div><\/div>\n<\/div><\/div><\/main><!-- close content main element --><\/div><div class='av-extra-border-element border-extra-arrow-down'><div class='av-extra-border-outer'><div class='av-extra-border-inner'><\/div><\/div><\/div><\/div>\n<style type=\"text\/css\" data-created_by=\"avia_inline_auto\" id=\"style-css-av-19xfks-98b1d24e2da0f1d3bf3c499bd5dc4b94\">\n.avia-section.av-19xfks-98b1d24e2da0f1d3bf3c499bd5dc4b94 .av-extra-border-element .av-extra-border-inner{\nbackground-color:#ffffff;\n}\n<\/style>\n<div id='faq'  class='avia-section av-19xfks-98b1d24e2da0f1d3bf3c499bd5dc4b94 main_color avia-section-default avia-no-border-styling  avia-builder-el-2  el_after_av_section  avia-builder-el-last  avia-bg-style-scroll av-arrow-down-section container_wrap fullsize'  ><div class='container av-section-cont-open' ><div class='template-page content  av-content-full alpha units'><div class='post-entry post-entry-type-page post-entry-1571'><div class='entry-content-wrapper clearfix'>\n\n<style type=\"text\/css\" data-created_by=\"avia_inline_auto\" id=\"style-css-av-zh2ys-5d81d2b224aa2018bb3266eae7d24862\">\n.flex_column.av-zh2ys-5d81d2b224aa2018bb3266eae7d24862{\nborder-radius:0px 0px 0px 0px;\npadding:0px 0px 0px 0px;\n}\n<\/style>\n<div  class='flex_column av-zh2ys-5d81d2b224aa2018bb3266eae7d24862 av_one_half  avia-builder-el-3  el_before_av_one_half  avia-builder-el-first  first flex_column_div av-animated-generic pop-up av-zero-column-padding  '     ><section  class='av_textblock_section av-qpbok-c91b4657289bca7919f5e5507e9a39ba '   itemscope=\"itemscope\" itemtype=\"https:\/\/schema.org\/CreativeWork\" ><div class='avia_textblock'  itemprop=\"text\" ><div class=\"swpm-login-widget-form\">\n    <form id=\"swpm-login-form\" name=\"swpm-login-form\" method=\"post\" action=\"\">\n        <input type=\"hidden\" name=\"swpm_login_origination_flag\" value=\"1\" \/>\n        <div class=\"swpm-login-form-inner\">\n            <div class=\"swpm-username-label\">\n                <label for=\"swpm_user_name\" class=\"swpm-label\">Usuari \/ Correu electr\u00f2nic<\/label>\n            <\/div>\n            <div class=\"swpm-username-input\">\n                <input type=\"text\" class=\"swpm-text-field swpm-username-field\" id=\"swpm_user_name\" value=\"\" size=\"25\" name=\"swpm_user_name\" \/>\n            <\/div>\n            <div class=\"swpm-password-label\">\n                <label for=\"swpm_password\" class=\"swpm-label\">Password<\/label>\n            <\/div>\n            <div class=\"swpm-password-input\">                \n                <input type=\"password\" class=\"swpm-text-field swpm-password-field\" id=\"swpm_password\" value=\"\" size=\"25\" name=\"swpm_password\" \/>                \n            <\/div>\n                        <div class=\"swpm-remember-me\">\n                <span class=\"swpm-remember-checkbox\"><input type=\"checkbox\" name=\"rememberme\" id=\"swpm-rememberme\"><\/span>\n                <label for=\"swpm-rememberme\" class=\"swpm-rememberme-label\">\n                    <span class=\"swpm-rember-label\"> Remember Me<\/span>\n                <\/label>\n            <\/div>\n\n            <div class=\"swpm-before-login-submit-section\"><\/div>\n\n            <div class=\"swpm-login-submit\">\n                <input type=\"submit\" class=\"swpm-login-form-submit\" name=\"swpm-login\" value=\"Log In\"\/>\n            <\/div>\n            <div class=\"swpm-forgot-pass-link\">\n                <a id=\"forgot_pass\" class=\"swpm-login-form-pw-reset-link\"  href=\"https:\/\/clouransom.com\/membership-login\/password-reset\/\">Forgot Password?<\/a>\n            <\/div>\n                        <div class=\"swpm-join-us-link\">\n                <a id=\"register\" class=\"swpm-login-form-register-link\" href=\"https:\/\/clouransom.com\/membership-join\/\">Join Us<\/a>\n            <\/div>\n                        <div class=\"swpm-login-action-msg\">\n                <span class=\"swpm-login-widget-action-msg\"><\/span>\n            <\/div>\n        <\/div>\n    <\/form>\n\n    <\/div>\n\n<\/div><\/section><\/div>\n<style type=\"text\/css\" data-created_by=\"avia_inline_auto\" id=\"style-css-av-8j72k-90ca111b94feb57e91b99a5042e13781\">\n.flex_column.av-8j72k-90ca111b94feb57e91b99a5042e13781{\nborder-radius:0px 0px 0px 0px;\npadding:0px 0px 0px 0px;\n}\n<\/style>\n<div  class='flex_column av-8j72k-90ca111b94feb57e91b99a5042e13781 av_one_half  avia-builder-el-5  el_after_av_one_half  avia-builder-el-last  flex_column_div av-animated-generic pop-up av-zero-column-padding  '     ><p><article  class='iconbox iconbox_left_content av-26qmq4-147a1913a5f5087959c27dd95daaaa1e  avia-builder-el-6  el_before_av_icon_box  avia-builder-el-first '  itemscope=\"itemscope\" itemtype=\"https:\/\/schema.org\/CreativeWork\" ><div class=\"iconbox_icon heading-color\" aria-hidden='true' data-av_icon='\ue806' data-av_iconfont='entypo-fontello'><\/div><div class=\"iconbox_content\"><header class=\"entry-content-header\" aria-label=\"Icon: Estat del compte\"><h3 class='iconbox_content_title '  itemprop=\"headline\" >Estat del compte<\/h3><\/header><div class='iconbox_content_container '  itemprop=\"text\" ><p>Consulta l&#8217;estat del compte, les dades de configuraci\u00f3 i la capacitat de l&#8217;emmagatzematge de qu\u00e8 disposes.<\/p>\n<\/div><\/div><footer class=\"entry-footer\"><\/footer><\/article><br \/>\n<article  class='iconbox iconbox_left_content av-1uznvg-a3e04fc6c0829d1d5241aabd1def39dd  avia-builder-el-7  el_after_av_icon_box  avia-builder-el-last '  itemscope=\"itemscope\" itemtype=\"https:\/\/schema.org\/CreativeWork\" ><div class=\"iconbox_icon heading-color\" aria-hidden='true' data-av_icon='\ue8b9' data-av_iconfont='entypo-fontello'><\/div><div class=\"iconbox_content\"><header class=\"entry-content-header\" aria-label=\"Icon: Necessites ajuda o tens alguna consulta?\"><h3 class='iconbox_content_title '  itemprop=\"headline\" >Necessites ajuda o tens alguna consulta?<\/h3><\/header><div class='iconbox_content_container '  itemprop=\"text\" ><p>Si tens qualsevol dubte de la informaci\u00f3 presentada o necessites una recuperaci\u00f3, truca&#8217;ns al tel\u00e8fon 938 553 938<\/p>\n<\/div><\/div><footer class=\"entry-footer\"><\/footer><\/article><\/p><\/div><\/p>\n","protected":false},"excerpt":{"rendered":"","protected":false},"author":1,"featured_media":0,"parent":0,"menu_order":0,"comment_status":"closed","ping_status":"closed","template":"","meta":{"footnotes":""},"class_list":["post-1571","page","type-page","status-publish","hentry"],"yoast_head":"<!-- This site is optimized with the Yoast SEO plugin v27.4 - https:\/\/yoast.com\/product\/yoast-seo-wordpress\/ -->\n<title>Acc\u00e9s de membre - ClouRansom - Encrypted file security<\/title>\n<meta name=\"robots\" content=\"index, follow, max-snippet:-1, max-image-preview:large, max-video-preview:-1\" \/>\n<link rel=\"canonical\" href=\"https:\/\/clouransom.com\/ca\/acces-de-membre\/\" \/>\n<meta property=\"og:locale\" content=\"ca_ES\" \/>\n<meta property=\"og:type\" content=\"article\" \/>\n<meta property=\"og:title\" content=\"Acc\u00e9s de membre - ClouRansom - Encrypted file security\" \/>\n<meta property=\"og:url\" content=\"https:\/\/clouransom.com\/ca\/acces-de-membre\/\" \/>\n<meta property=\"og:site_name\" content=\"ClouRansom - Encrypted file security\" \/>\n<meta property=\"article:modified_time\" content=\"2022-03-31T14:00:00+00:00\" \/>\n<meta name=\"twitter:card\" content=\"summary_large_image\" \/>\n<meta name=\"twitter:label1\" content=\"Temps estimat de lectura\" \/>\n\t<meta name=\"twitter:data1\" content=\"2 minuts\" \/>\n<script type=\"application\/ld+json\" class=\"yoast-schema-graph\">{\"@context\":\"https:\\\/\\\/schema.org\",\"@graph\":[{\"@type\":\"WebPage\",\"@id\":\"https:\\\/\\\/clouransom.com\\\/ca\\\/acces-de-membre\\\/\",\"url\":\"https:\\\/\\\/clouransom.com\\\/ca\\\/acces-de-membre\\\/\",\"name\":\"Acc\u00e9s de membre - ClouRansom - Encrypted file security\",\"isPartOf\":{\"@id\":\"https:\\\/\\\/clouransom.com\\\/ca\\\/#website\"},\"datePublished\":\"2022-03-31T13:46:00+00:00\",\"dateModified\":\"2022-03-31T14:00:00+00:00\",\"breadcrumb\":{\"@id\":\"https:\\\/\\\/clouransom.com\\\/ca\\\/acces-de-membre\\\/#breadcrumb\"},\"inLanguage\":\"ca\",\"potentialAction\":[{\"@type\":\"ReadAction\",\"target\":[\"https:\\\/\\\/clouransom.com\\\/ca\\\/acces-de-membre\\\/\"]}]},{\"@type\":\"BreadcrumbList\",\"@id\":\"https:\\\/\\\/clouransom.com\\\/ca\\\/acces-de-membre\\\/#breadcrumb\",\"itemListElement\":[{\"@type\":\"ListItem\",\"position\":1,\"name\":\"Portada\",\"item\":\"https:\\\/\\\/clouransom.com\\\/ca\\\/home\\\/\"},{\"@type\":\"ListItem\",\"position\":2,\"name\":\"Acc\u00e9s de membre\"}]},{\"@type\":\"WebSite\",\"@id\":\"https:\\\/\\\/clouransom.com\\\/ca\\\/#website\",\"url\":\"https:\\\/\\\/clouransom.com\\\/ca\\\/\",\"name\":\"ClouRansom - Encrypted file security\",\"description\":\"Just another WordPress site\",\"potentialAction\":[{\"@type\":\"SearchAction\",\"target\":{\"@type\":\"EntryPoint\",\"urlTemplate\":\"https:\\\/\\\/clouransom.com\\\/ca\\\/?s={search_term_string}\"},\"query-input\":{\"@type\":\"PropertyValueSpecification\",\"valueRequired\":true,\"valueName\":\"search_term_string\"}}],\"inLanguage\":\"ca\"}]}<\/script>\n<!-- \/ Yoast SEO plugin. -->","yoast_head_json":{"title":"Acc\u00e9s de membre - ClouRansom - Encrypted file security","robots":{"index":"index","follow":"follow","max-snippet":"max-snippet:-1","max-image-preview":"max-image-preview:large","max-video-preview":"max-video-preview:-1"},"canonical":"https:\/\/clouransom.com\/ca\/acces-de-membre\/","og_locale":"ca_ES","og_type":"article","og_title":"Acc\u00e9s de membre - ClouRansom - Encrypted file security","og_url":"https:\/\/clouransom.com\/ca\/acces-de-membre\/","og_site_name":"ClouRansom - Encrypted file security","article_modified_time":"2022-03-31T14:00:00+00:00","twitter_card":"summary_large_image","twitter_misc":{"Temps estimat de lectura":"2 minuts"},"schema":{"@context":"https:\/\/schema.org","@graph":[{"@type":"WebPage","@id":"https:\/\/clouransom.com\/ca\/acces-de-membre\/","url":"https:\/\/clouransom.com\/ca\/acces-de-membre\/","name":"Acc\u00e9s de membre - ClouRansom - Encrypted file security","isPartOf":{"@id":"https:\/\/clouransom.com\/ca\/#website"},"datePublished":"2022-03-31T13:46:00+00:00","dateModified":"2022-03-31T14:00:00+00:00","breadcrumb":{"@id":"https:\/\/clouransom.com\/ca\/acces-de-membre\/#breadcrumb"},"inLanguage":"ca","potentialAction":[{"@type":"ReadAction","target":["https:\/\/clouransom.com\/ca\/acces-de-membre\/"]}]},{"@type":"BreadcrumbList","@id":"https:\/\/clouransom.com\/ca\/acces-de-membre\/#breadcrumb","itemListElement":[{"@type":"ListItem","position":1,"name":"Portada","item":"https:\/\/clouransom.com\/ca\/home\/"},{"@type":"ListItem","position":2,"name":"Acc\u00e9s de membre"}]},{"@type":"WebSite","@id":"https:\/\/clouransom.com\/ca\/#website","url":"https:\/\/clouransom.com\/ca\/","name":"ClouRansom - Encrypted file security","description":"Just another WordPress site","potentialAction":[{"@type":"SearchAction","target":{"@type":"EntryPoint","urlTemplate":"https:\/\/clouransom.com\/ca\/?s={search_term_string}"},"query-input":{"@type":"PropertyValueSpecification","valueRequired":true,"valueName":"search_term_string"}}],"inLanguage":"ca"}]}},"_links":{"self":[{"href":"https:\/\/clouransom.com\/ca\/wp-json\/wp\/v2\/pages\/1571","targetHints":{"allow":["GET"]}}],"collection":[{"href":"https:\/\/clouransom.com\/ca\/wp-json\/wp\/v2\/pages"}],"about":[{"href":"https:\/\/clouransom.com\/ca\/wp-json\/wp\/v2\/types\/page"}],"author":[{"embeddable":true,"href":"https:\/\/clouransom.com\/ca\/wp-json\/wp\/v2\/users\/1"}],"replies":[{"embeddable":true,"href":"https:\/\/clouransom.com\/ca\/wp-json\/wp\/v2\/comments?post=1571"}],"version-history":[{"count":0,"href":"https:\/\/clouransom.com\/ca\/wp-json\/wp\/v2\/pages\/1571\/revisions"}],"wp:attachment":[{"href":"https:\/\/clouransom.com\/ca\/wp-json\/wp\/v2\/media?parent=1571"}],"curies":[{"name":"wp","href":"https:\/\/api.w.org\/{rel}","templated":true}]}}